{"id":1308,"date":"2025-11-12T18:57:34","date_gmt":"2025-11-12T21:57:34","guid":{"rendered":"https:\/\/agenciaplanomestre.com.br\/siteeduardoimoveis\/?page_id=1308"},"modified":"2025-11-12T19:03:42","modified_gmt":"2025-11-12T22:03:42","slug":"sobre-nos","status":"publish","type":"page","link":"https:\/\/agenciaplanomestre.com.br\/siteeduardoimoveis\/sobre-nos\/","title":{"rendered":"Sobre N\u00f3s"},"content":{"rendered":"\t\t<div data-elementor-type=\"wp-page\" data-elementor-id=\"1308\" class=\"elementor elementor-1308\" data-elementor-post-type=\"page\">\n\t\t\t\t<div class=\"elementor-element elementor-element-55448774 e-flex e-con-boxed e-con e-parent\" data-id=\"55448774\" data-element_type=\"container\" data-settings=\"{&quot;background_background&quot;:&quot;classic&quot;}\">\n\t\t\t\t\t<div class=\"e-con-inner\">\n\t\t\t\t<div class=\"elementor-element elementor-element-729dac5 elementor-widget__width-inherit elementor-widget elementor-widget-heading\" data-id=\"729dac5\" data-element_type=\"widget\" data-widget_type=\"heading.default\">\n\t\t\t\t<div class=\"elementor-widget-container\">\n\t\t\t\t\t<h1 class=\"elementor-heading-title elementor-size-default\">Sobre n\u00f3s<\/h1>\t\t\t\t<\/div>\n\t\t\t\t<\/div>\n\t\t\t\t\t<\/div>\n\t\t\t\t<\/div>\n\t\t<div class=\"elementor-element elementor-element-ac9e6f3 e-flex e-con-boxed e-con e-parent\" data-id=\"ac9e6f3\" data-element_type=\"container\">\n\t\t\t\t\t<div class=\"e-con-inner\">\n\t\t<div class=\"elementor-element elementor-element-b08bc4f e-con-full e-flex e-con e-child\" data-id=\"b08bc4f\" data-element_type=\"container\">\n\t\t\t\t<div class=\"elementor-element elementor-element-57fa2e46 elementor-widget elementor-widget-heading\" data-id=\"57fa2e46\" data-element_type=\"widget\" data-widget_type=\"heading.default\">\n\t\t\t\t<div class=\"elementor-widget-container\">\n\t\t\t\t\t<h2 class=\"elementor-heading-title elementor-size-default\">Expertise em im\u00f3veis em Chapad\u00e3o do Sul\/MS<\/h2>\t\t\t\t<\/div>\n\t\t\t\t<\/div>\n\t\t\t\t<div class=\"elementor-element elementor-element-efa402d elementor-widget elementor-widget-text-editor\" data-id=\"efa402d\" data-element_type=\"widget\" data-widget_type=\"text-editor.default\">\n\t\t\t\t<div class=\"elementor-widget-container\">\n\t\t\t\t\t\t\t\t\t<p>O Eduardo Vilela Im\u00f3veis \u00e9 refer\u00eancia no mercado imobili\u00e1rio de Chapad\u00e3o do Sul\/MS, unindo experi\u00eancia local, transpar\u00eancia e compromisso com a satisfa\u00e7\u00e3o dos clientes. Atuamos na venda de casas e terrenos cuidadosamente avaliados e com documenta\u00e7\u00e3o conferida, oferecendo um processo de compra seguro, acess\u00edvel e eficiente. Nosso prop\u00f3sito \u00e9 simples: conectar voc\u00ea ao im\u00f3vel certo, com atendimento humano e orienta\u00e7\u00e3o clara em cada etapa.<\/p><p>Localizados no Bairro Flamboyant, vamos al\u00e9m da intermedia\u00e7\u00e3o. Oferecemos simula\u00e7\u00e3o gratuita, consultoria de cr\u00e9dito e assessoramos toda a documenta\u00e7\u00e3o. Trabalhamos com os principais bancos e financiamento facilitado, incluindo Minha Casa Minha Vida (sujeito \u00e0 an\u00e1lise), com prazos estendidos e possibilidade de uso de FGTS quando aplic\u00e1vel. Nosso diferencial est\u00e1 na simplicidade e rapidez do processo, em negocia\u00e7\u00f5es claras e justas \u2014 tanto para quem deseja vender quanto para quem quer comprar dentro do seu or\u00e7amento, inclusive com estrat\u00e9gias para compor a entrada.<\/p><p>Com uma equipe experiente e dedicada, o Eduardo Vilela Im\u00f3veis mant\u00e9m um atendimento de excel\u00eancia, construindo relacionamentos baseados na confian\u00e7a e no respeito. Se voc\u00ea busca um parceiro imobili\u00e1rio em Chapad\u00e3o do Sul que una qualidade, seguran\u00e7a e agilidade, conte conosco para transformar o sonho do im\u00f3vel pr\u00f3prio em realidade.<\/p><p>Localizada no cora\u00e7\u00e3o de Mogi das Cruzes, nossa atua\u00e7\u00e3o vai al\u00e9m da comercializa\u00e7\u00e3o de ve\u00edculos. Somos reconhecidos pela melhor avalia\u00e7\u00e3o do mercado para compra de ve\u00edculos usados, com pagamento \u00e0 vista e negocia\u00e7\u00f5es claras e justas. Nosso diferencial est\u00e1 na simplicidade e na rapidez dos processos, incluindo a aprova\u00e7\u00e3o de cr\u00e9dito facilitada, com taxas competitivas a partir de 0,99% ao m\u00eas e op\u00e7\u00f5es de financiamento em at\u00e9 60 meses, mesmo sem a necessidade de CNH ou comprovante de renda. Isso nos torna uma refer\u00eancia tanto para quem quer vender quanto para quem deseja adquirir um carro com condi\u00e7\u00f5es exclusivas.<\/p><p>Com uma equipe de profissionais experientes e dedicados, a Automobili Multimarcas mant\u00e9m um atendimento de excel\u00eancia, construindo relacionamentos baseados na confian\u00e7a e no respeito. Nosso hist\u00f3rico de sucesso reflete a satisfa\u00e7\u00e3o de milhares de clientes ao longo das d\u00e9cadas. Se voc\u00ea busca uma concession\u00e1ria em Mogi das Cruzes que une tradi\u00e7\u00e3o, qualidade e inova\u00e7\u00e3o, a Automobili Multimarcas \u00e9 a escolha certa para fazer do seu neg\u00f3cio uma experi\u00eancia memor\u00e1vel.<\/p>\t\t\t\t\t\t\t\t<\/div>\n\t\t\t\t<\/div>\n\t\t\t\t<\/div>\n\t\t<div class=\"elementor-element elementor-element-745a42fb e-con-full e-flex e-con e-child\" data-id=\"745a42fb\" data-element_type=\"container\">\n\t\t\t\t<div class=\"elementor-element elementor-element-49e8797d elementor-widget elementor-widget-image\" data-id=\"49e8797d\" data-element_type=\"widget\" data-widget_type=\"image.default\">\n\t\t\t\t<div class=\"elementor-widget-container\">\n\t\t\t\t\t\t\t\t\t\t\t\t\t\t\t<img fetchpriority=\"high\" decoding=\"async\" width=\"800\" height=\"830\" src=\"https:\/\/agenciaplanomestre.com.br\/siteeduardoimoveis\/wp-content\/uploads\/2025\/11\/Agrupar-1.png\" class=\"attachment-large size-large wp-image-1259\" alt=\"\" srcset=\"https:\/\/agenciaplanomestre.com.br\/siteeduardoimoveis\/wp-content\/uploads\/2025\/11\/Agrupar-1.png 910w, https:\/\/agenciaplanomestre.com.br\/siteeduardoimoveis\/wp-content\/uploads\/2025\/11\/Agrupar-1-289x300.png 289w, https:\/\/agenciaplanomestre.com.br\/siteeduardoimoveis\/wp-content\/uploads\/2025\/11\/Agrupar-1-768x797.png 768w\" sizes=\"(max-width: 800px) 100vw, 800px\" \/>\t\t\t\t\t\t\t\t\t\t\t\t\t\t\t<\/div>\n\t\t\t\t<\/div>\n\t\t\t\t<div class=\"elementor-element elementor-element-d19006c elementor-tablet-align-center elementor-icon-list--layout-traditional elementor-list-item-link-full_width elementor-widget elementor-widget-icon-list\" data-id=\"d19006c\" data-element_type=\"widget\" data-widget_type=\"icon-list.default\">\n\t\t\t\t<div class=\"elementor-widget-container\">\n\t\t\t\t\t\t\t<ul class=\"elementor-icon-list-items\">\n\t\t\t\t\t\t\t<li class=\"elementor-icon-list-item\">\n\t\t\t\t\t\t\t\t\t\t\t<a href=\"https:\/\/wa.me\/5567998078334?text=Ol%C3%A1%2C%20tudo%20bem%3F%20Estou%20no%20site%20e%20gostaria%20de%20mais%20informa%C3%A7%C3%B5es\" rel=\"nofollow noopener\" target=\"_blank\">\n\n\t\t\t\t\t\t\t\t\t\t\t\t<span class=\"elementor-icon-list-icon\">\n\t\t\t\t\t\t\t<svg aria-hidden=\"true\" class=\"e-font-icon-svg e-fab-whatsapp\" viewBox=\"0 0 448 512\" xmlns=\"http:\/\/www.w3.org\/2000\/svg\"><path d=\"M380.9 97.1C339 55.1 283.2 32 223.9 32c-122.4 0-222 99.6-222 222 0 39.1 10.2 77.3 29.6 111L0 480l117.7-30.9c32.4 17.7 68.9 27 106.1 27h.1c122.3 0 224.1-99.6 224.1-222 0-59.3-25.2-115-67.1-157zm-157 341.6c-33.2 0-65.7-8.9-94-25.7l-6.7-4-69.8 18.3L72 359.2l-4.4-7c-18.5-29.4-28.2-63.3-28.2-98.2 0-101.7 82.8-184.5 184.6-184.5 49.3 0 95.6 19.2 130.4 54.1 34.8 34.9 56.2 81.2 56.1 130.5 0 101.8-84.9 184.6-186.6 184.6zm101.2-138.2c-5.5-2.8-32.8-16.2-37.9-18-5.1-1.9-8.8-2.8-12.5 2.8-3.7 5.6-14.3 18-17.6 21.8-3.2 3.7-6.5 4.2-12 1.4-32.6-16.3-54-29.1-75.5-66-5.7-9.8 5.7-9.1 16.3-30.3 1.8-3.7.9-6.9-.5-9.7-1.4-2.8-12.5-30.1-17.1-41.2-4.5-10.8-9.1-9.3-12.5-9.5-3.2-.2-6.9-.2-10.6-.2-3.7 0-9.7 1.4-14.8 6.9-5.1 5.6-19.4 19-19.4 46.3 0 27.3 19.9 53.7 22.6 57.4 2.8 3.7 39.1 59.7 94.8 83.8 35.2 15.2 49 16.5 66.6 13.9 10.7-1.6 32.8-13.4 37.4-26.4 4.6-13 4.6-24.1 3.2-26.4-1.3-2.5-5-3.9-10.5-6.6z\"><\/path><\/svg>\t\t\t\t\t\t<\/span>\n\t\t\t\t\t\t\t\t\t\t<span class=\"elementor-icon-list-text\">(67) 99807-8334<\/span>\n\t\t\t\t\t\t\t\t\t\t\t<\/a>\n\t\t\t\t\t\t\t\t\t<\/li>\n\t\t\t\t\t\t\t\t<li class=\"elementor-icon-list-item\">\n\t\t\t\t\t\t\t\t\t\t\t<a href=\"\">\n\n\t\t\t\t\t\t\t\t\t\t\t\t<span class=\"elementor-icon-list-icon\">\n\t\t\t\t\t\t\t<svg aria-hidden=\"true\" class=\"e-font-icon-svg e-fas-mail-bulk\" viewBox=\"0 0 576 512\" xmlns=\"http:\/\/www.w3.org\/2000\/svg\"><path d=\"M160 448c-25.6 0-51.2-22.4-64-32-64-44.8-83.2-60.8-96-70.4V480c0 17.67 14.33 32 32 32h256c17.67 0 32-14.33 32-32V345.6c-12.8 9.6-32 25.6-96 70.4-12.8 9.6-38.4 32-64 32zm128-192H32c-17.67 0-32 14.33-32 32v16c25.6 19.2 22.4 19.2 115.2 86.4 9.6 6.4 28.8 25.6 44.8 25.6s35.2-19.2 44.8-22.4c92.8-67.2 89.6-67.2 115.2-86.4V288c0-17.67-14.33-32-32-32zm256-96H224c-17.67 0-32 14.33-32 32v32h96c33.21 0 60.59 25.42 63.71 57.82l.29-.22V416h192c17.67 0 32-14.33 32-32V192c0-17.67-14.33-32-32-32zm-32 128h-64v-64h64v64zm-352-96c0-35.29 28.71-64 64-64h224V32c0-17.67-14.33-32-32-32H96C78.33 0 64 14.33 64 32v192h96v-32z\"><\/path><\/svg>\t\t\t\t\t\t<\/span>\n\t\t\t\t\t\t\t\t\t\t<span class=\"elementor-icon-list-text\">contato.eduardovilela@gmail.com<\/span>\n\t\t\t\t\t\t\t\t\t\t\t<\/a>\n\t\t\t\t\t\t\t\t\t<\/li>\n\t\t\t\t\t\t\t\t<li class=\"elementor-icon-list-item\">\n\t\t\t\t\t\t\t\t\t\t\t<a href=\"https:\/\/share.google\/COx1DNuzoFzllBN2W\" rel=\"nofollow noopener\" target=\"_blank\">\n\n\t\t\t\t\t\t\t\t\t\t\t\t<span class=\"elementor-icon-list-icon\">\n\t\t\t\t\t\t\t<svg aria-hidden=\"true\" class=\"e-font-icon-svg e-fas-location-arrow\" viewBox=\"0 0 512 512\" xmlns=\"http:\/\/www.w3.org\/2000\/svg\"><path d=\"M444.52 3.52L28.74 195.42c-47.97 22.39-31.98 92.75 19.19 92.75h175.91v175.91c0 51.17 70.36 67.17 92.75 19.19l191.9-415.78c15.99-38.39-25.59-79.97-63.97-63.97z\"><\/path><\/svg>\t\t\t\t\t\t<\/span>\n\t\t\t\t\t\t\t\t\t\t<span class=\"elementor-icon-list-text\">Av. Rio Grande do Sul, 561 \u2013 Bairro Flamboyant, sala 01 \u2013 Chapad\u00e3o do Sul\/MS<\/span>\n\t\t\t\t\t\t\t\t\t\t\t<\/a>\n\t\t\t\t\t\t\t\t\t<\/li>\n\t\t\t\t\t\t<\/ul>\n\t\t\t\t\t\t<\/div>\n\t\t\t\t<\/div>\n\t\t\t\t<\/div>\n\t\t\t\t\t<\/div>\n\t\t\t\t<\/div>\n\t\t<div class=\"elementor-element elementor-element-7354990a e-flex e-con-boxed e-con e-parent\" data-id=\"7354990a\" data-element_type=\"container\" data-settings=\"{&quot;background_background&quot;:&quot;classic&quot;}\">\n\t\t\t\t\t<div class=\"e-con-inner\">\n\t\t\t\t<div class=\"elementor-element elementor-element-598150a1 elementor-widget__width-inherit elementor-widget elementor-widget-heading\" data-id=\"598150a1\" data-element_type=\"widget\" data-widget_type=\"heading.default\">\n\t\t\t\t<div class=\"elementor-widget-container\">\n\t\t\t\t\t<h2 class=\"elementor-heading-title elementor-size-default\">Por que comprar conosco?<\/h2>\t\t\t\t<\/div>\n\t\t\t\t<\/div>\n\t\t\t\t<div class=\"elementor-element elementor-element-3481b957 elementor-widget__width-initial elementor-position-top elementor-widget elementor-widget-image-box\" data-id=\"3481b957\" data-element_type=\"widget\" data-widget_type=\"image-box.default\">\n\t\t\t\t<div class=\"elementor-widget-container\">\n\t\t\t\t\t<div class=\"elementor-image-box-wrapper\"><figure class=\"elementor-image-box-img\"><img decoding=\"async\" width=\"64\" height=\"64\" src=\"https:\/\/agenciaplanomestre.com.br\/siteeduardoimoveis\/wp-content\/uploads\/2025\/11\/verifica.png\" class=\"attachment-full size-full wp-image-1309\" alt=\"\" \/><\/figure><div class=\"elementor-image-box-content\"><h3 class=\"elementor-image-box-title\">Experi\u00eancia e conhecimento<\/h3><p class=\"elementor-image-box-description\">Com anos de experi\u00eancia no setor automotivo, nossa equipe \u00e9 altamente capacitada e conhecedora do mercado de ve\u00edculos multimarcas.<\/p><\/div><\/div>\t\t\t\t<\/div>\n\t\t\t\t<\/div>\n\t\t\t\t<div class=\"elementor-element elementor-element-3b3133df elementor-widget__width-initial elementor-position-top elementor-widget elementor-widget-image-box\" data-id=\"3b3133df\" data-element_type=\"widget\" data-widget_type=\"image-box.default\">\n\t\t\t\t<div class=\"elementor-widget-container\">\n\t\t\t\t\t<div class=\"elementor-image-box-wrapper\"><figure class=\"elementor-image-box-img\"><img decoding=\"async\" width=\"64\" height=\"64\" src=\"https:\/\/agenciaplanomestre.com.br\/siteeduardoimoveis\/wp-content\/uploads\/2025\/11\/transparencia.png\" class=\"attachment-full size-full wp-image-1310\" alt=\"\" \/><\/figure><div class=\"elementor-image-box-content\"><h3 class=\"elementor-image-box-title\">Transpar\u00eancia e honestidade<\/h3><p class=\"elementor-image-box-description\">Nossos clientes podem contar com informa\u00e7\u00f5es precisas e detalhadas sobre cada ve\u00edculo, hist\u00f3rico de manuten\u00e7\u00e3o e condi\u00e7\u00f5es de venda. <\/p><\/div><\/div>\t\t\t\t<\/div>\n\t\t\t\t<\/div>\n\t\t\t\t<div class=\"elementor-element elementor-element-80f4725 elementor-widget__width-initial elementor-position-top elementor-widget elementor-widget-image-box\" data-id=\"80f4725\" data-element_type=\"widget\" data-widget_type=\"image-box.default\">\n\t\t\t\t<div class=\"elementor-widget-container\">\n\t\t\t\t\t<div class=\"elementor-image-box-wrapper\"><figure class=\"elementor-image-box-img\"><img loading=\"lazy\" decoding=\"async\" width=\"64\" height=\"64\" src=\"https:\/\/agenciaplanomestre.com.br\/siteeduardoimoveis\/wp-content\/uploads\/2025\/11\/agente-de-atendimento-ao-cliente.png\" class=\"attachment-full size-full wp-image-1311\" alt=\"\" \/><\/figure><div class=\"elementor-image-box-content\"><h3 class=\"elementor-image-box-title\">Atendimento excepcional<\/h3><p class=\"elementor-image-box-description\">Nosso compromisso \u00e9 fornecer um atendimento de qualidade, garantindo que sua experi\u00eancia de compra seja agrad\u00e1vel e sem complica\u00e7\u00f5es.<\/p><\/div><\/div>\t\t\t\t<\/div>\n\t\t\t\t<\/div>\n\t\t\t\t<div class=\"elementor-element elementor-element-316bac2c elementor-align-center elementor-widget__width-inherit elementor-widget elementor-widget-button\" data-id=\"316bac2c\" data-element_type=\"widget\" data-widget_type=\"button.default\">\n\t\t\t\t<div class=\"elementor-widget-container\">\n\t\t\t\t\t\t\t\t\t<div class=\"elementor-button-wrapper\">\n\t\t\t\t\t<a class=\"elementor-button elementor-button-link elementor-size-md\" href=\"https:\/\/agenciaplanomestre.com.br\/siteeduardoimoveis\/contato\/\">\n\t\t\t\t\t\t<span class=\"elementor-button-content-wrapper\">\n\t\t\t\t\t\t\t\t\t<span class=\"elementor-button-text\">Entrar em contato<\/span>\n\t\t\t\t\t<\/span>\n\t\t\t\t\t<\/a>\n\t\t\t\t<\/div>\n\t\t\t\t\t\t\t\t<\/div>\n\t\t\t\t<\/div>\n\t\t\t\t\t<\/div>\n\t\t\t\t<\/div>\n\t\t\t\t<\/div>\n\t\t","protected":false},"excerpt":{"rendered":"<p>Sobre n\u00f3s Expertise em im\u00f3veis em Chapad\u00e3o do Sul\/MS O Eduardo Vilela Im\u00f3veis \u00e9 refer\u00eancia no mercado imobili\u00e1rio de Chapad\u00e3o do Sul\/MS, unindo experi\u00eancia local, transpar\u00eancia e compromisso com a satisfa\u00e7\u00e3o dos clientes. Atuamos na venda de casas e terrenos cuidadosamente avaliados e com documenta\u00e7\u00e3o conferida, oferecendo um processo de compra seguro, acess\u00edvel e eficiente. [&hellip;]<\/p>\n","protected":false},"author":2,"featured_media":0,"parent":0,"menu_order":0,"comment_status":"closed","ping_status":"closed","template":"","meta":{"footnotes":""},"class_list":["post-1308","page","type-page","status-publish","hentry"],"_hostinger_reach_plugin_has_subscription_block":false,"_hostinger_reach_plugin_is_elementor":false,"_links":{"self":[{"href":"https:\/\/agenciaplanomestre.com.br\/siteeduardoimoveis\/wp-json\/wp\/v2\/pages\/1308","targetHints":{"allow":["GET"]}}],"collection":[{"href":"https:\/\/agenciaplanomestre.com.br\/siteeduardoimoveis\/wp-json\/wp\/v2\/pages"}],"about":[{"href":"https:\/\/agenciaplanomestre.com.br\/siteeduardoimoveis\/wp-json\/wp\/v2\/types\/page"}],"author":[{"embeddable":true,"href":"https:\/\/agenciaplanomestre.com.br\/siteeduardoimoveis\/wp-json\/wp\/v2\/users\/2"}],"replies":[{"embeddable":true,"href":"https:\/\/agenciaplanomestre.com.br\/siteeduardoimoveis\/wp-json\/wp\/v2\/comments?post=1308"}],"version-history":[{"count":0,"href":"https:\/\/agenciaplanomestre.com.br\/siteeduardoimoveis\/wp-json\/wp\/v2\/pages\/1308\/revisions"}],"wp:attachment":[{"href":"https:\/\/agenciaplanomestre.com.br\/siteeduardoimoveis\/wp-json\/wp\/v2\/media?parent=1308"}],"curies":[{"name":"wp","href":"https:\/\/api.w.org\/{rel}","templated":true}]}}